{"id":403,"date":"2019-07-24T11:21:44","date_gmt":"2019-07-24T11:21:44","guid":{"rendered":"http:\/\/www.smbwinning.com\/fr\/?page_id=403"},"modified":"2024-08-07T08:19:26","modified_gmt":"2024-08-07T08:19:26","slug":"about-us","status":"publish","type":"page","link":"https:\/\/wcsglobal.com\/fr\/consortium\/about-us","title":{"rendered":"\u00c0 propos de nous"},"content":{"rendered":"<section class=\"wpb-content-wrapper\"><p>[vc_row][vc_column][vc_column_text]<img loading=\"lazy\" decoding=\"async\" class=\"alignnone size-full wp-image-823\" src=\"http:\/\/wcsglobal.com\/fr\/wp-content\/uploads\/2022\/02\/WCS.jpg\" alt=\"\" width=\"952\" height=\"476\" srcset=\"https:\/\/wcsglobal.com\/fr\/wp-content\/uploads\/2022\/02\/WCS.jpg 952w, https:\/\/wcsglobal.com\/fr\/wp-content\/uploads\/2022\/02\/WCS-300x150.jpg 300w, https:\/\/wcsglobal.com\/fr\/wp-content\/uploads\/2022\/02\/WCS-768x384.jpg 768w\" sizes=\"(max-width: 952px) 100vw, 952px\" \/><\/p>\n<p>&nbsp;<\/p>\n<p>Winning Consortium Simandou (WCS) est un Consortium cr\u00e9\u00e9 par les fondateurs de SMB-Winning Consortium, \u00e0 savoir Winning International Group de Singapour et China Hongqiao Group.<\/p>\n<p>WCS et ses affili\u00e9s d\u00e9velopperont et exploiteront la mine de fer \u00e0 ciel ouvert, le chemin de fer, le port et un a\u00e9roport. La construction sera r\u00e9alis\u00e9e par plusieurs grandes entreprises internationales, dont des soci\u00e9t\u00e9s chinoises et des prestataires de services guin\u00e9ens sp\u00e9cialis\u00e9s dans l\u2019\u00e9tude, la conception, la construction ainsi que dans l\u2019exploitation mini\u00e8re et la logistique.<\/p>\n<p>Le projet emploiera plusieurs milliers de personnes pour soutenir le d\u00e9veloppement des \u00e9tudes de faisabilit\u00e9 et les activit\u00e9s connexes. Pendant la phase de construction, des dizaines de milliers de personnes participeront au projet, de fa\u00e7on directe ou indirecte. WCS respectera son engagement de mobiliser et de d\u00e9ployer des ressources et contenus locaux pr\u00e9cis\u00e9s dans la Convention de Base, la Convention d\u2019Infrastructure Ferroviaire et la Convention d\u2019Infrastructure Portuaire.<\/p>\n<p>Winning Consortium Simandou (\u00ab\u00a0WCS\u00a0\u00bb) pr\u00e9voit d\u2019exploiter une mine de fer dans la pr\u00e9fecture de K\u00e9rouan\u00e9, r\u00e9gion de Kankan en Guin\u00e9e, Afrique. Le gisement\u00a0de Simandou\u00a0(Figure 1) est divis\u00e9 en quatre blocs exploitables, les blocs #1, #2, #3 et #4. Les blocs #1 et #2 (Figure 2) ont \u00e9t\u00e9 attribu\u00e9s \u00e0 WCS. WCS poss\u00e8de 100% de la Concession qui s\u2019\u00e9tend sur la totalit\u00e9 des blocs #1 et #2.<\/p>\n<p>WCS a remport\u00e9 l\u2019appel d\u2019offres public pour d\u00e9velopper les blocs #1 et #2 du gisement de minerai de fer de Simandou le 12 novembre 2019 et a sign\u00e9 un accord dit de Convention de Base avec le gouvernement guin\u00e9en le 9 juin 2020, qui a \u00e9t\u00e9 approuv\u00e9 par l\u2019Assembl\u00e9e Nationale guin\u00e9enne le 26 juin 2020. Winning Consortium Simandou Rail (\u00ab\u00a0WCSR\u00a0\u00bb) a sign\u00e9 la Convention d\u2019Infrastructure Ferroviaire pour l\u2019exploitation du minerai de fer de Simandou #1 et #2 avec le gouvernement guin\u00e9en le 12 novembre 2020, qui a \u00e9t\u00e9 approuv\u00e9e par l\u2019Assembl\u00e9e Nationale guin\u00e9enne le 23 novembre 2020. Le m\u00eame processus a \u00e9t\u00e9 appliqu\u00e9 pour Winning Consortium Simandou Port (\u00ab\u00a0WCSP\u00a0\u00bb), sign\u00e9 le m\u00eame jour du 12 novembre 2020 et \u00e9galement approuv\u00e9 le 23 novembre 2020.<\/p>\n<p>Parmi les gisements de minerai de fer dans le monde, l\u2019ensemble des gisements de Simandou constitue la plus grande r\u00e9serve inexploit\u00e9e de minerai de fer de haute qualit\u00e9. Les blocs #1 et #2, qui seront d\u00e9velopp\u00e9s par WCS, comptent actuellement plus de 1,8 milliard de tonnes de r\u00e9serves estim\u00e9es, dont la teneur en fer est de plus de 65,5 %.[\/vc_column_text][\/vc_column][\/vc_row]<\/p>\n<\/section>","protected":false},"excerpt":{"rendered":"<p>[vc_row][vc_column][vc_column_text] &nbsp; Winning Consortium Simandou (WCS) est un Consortium cr\u00e9\u00e9 par les fondateurs de SMB-Winning Consortium, \u00e0 savoir Winning International Group de Singapour et China Hongqiao Group. WCS et ses affili\u00e9s d\u00e9velopperont et exploiteront la mine de fer \u00e0 ciel ouvert, le chemin de fer, le port et un a\u00e9roport. La construction sera r\u00e9alis\u00e9e par &hellip; <a href=\"https:\/\/wcsglobal.com\/fr\/consortium\/about-us\" class=\"more-link\">Continue reading <span class=\"screen-reader-text\">\u00c0 propos de nous<\/span> <span class=\"meta-nav\">&rarr;<\/span><\/a><\/p>\n","protected":false},"author":1,"featured_media":823,"parent":2,"menu_order":0,"comment_status":"closed","ping_status":"closed","template":"","meta":{"footnotes":""},"acf":[],"yoast_head":"<!-- This site is optimized with the Yoast SEO plugin v23.5 - https:\/\/yoast.com\/wordpress\/plugins\/seo\/ -->\n<title>\u00c0 propos de nous - Winning Consortium Simandou<\/title>\n<meta name=\"robots\" content=\"index, follow, max-snippet:-1, max-image-preview:large, max-video-preview:-1\" \/>\n<link rel=\"canonical\" href=\"https:\/\/wcsglobal.com\/fr\/consortium\/about-us\" \/>\n<meta property=\"og:locale\" content=\"fr_FR\" \/>\n<meta property=\"og:type\" content=\"article\" \/>\n<meta property=\"og:title\" content=\"\u00c0 propos de nous - Winning Consortium Simandou\" \/>\n<meta property=\"og:description\" content=\"[vc_row][vc_column][vc_column_text] &nbsp; Winning Consortium Simandou (WCS) est un Consortium cr\u00e9\u00e9 par les fondateurs de SMB-Winning Consortium, \u00e0 savoir Winning International Group de Singapour et China Hongqiao Group. WCS et ses affili\u00e9s d\u00e9velopperont et exploiteront la mine de fer \u00e0 ciel ouvert, le chemin de fer, le port et un a\u00e9roport. La construction sera r\u00e9alis\u00e9e par &hellip; Continue reading \u00c0 propos de nous &rarr;\" \/>\n<meta property=\"og:url\" content=\"https:\/\/wcsglobal.com\/fr\/consortium\/about-us\" \/>\n<meta property=\"og:site_name\" content=\"Winning Consortium Simandou\" \/>\n<meta property=\"article:modified_time\" content=\"2024-08-07T08:19:26+00:00\" \/>\n<meta property=\"og:image\" content=\"https:\/\/wcsglobal.com\/fr\/wp-content\/uploads\/2022\/02\/WCS.jpg\" \/>\n\t<meta property=\"og:image:width\" content=\"952\" \/>\n\t<meta property=\"og:image:height\" content=\"476\" \/>\n\t<meta property=\"og:image:type\" content=\"image\/jpeg\" \/>\n<meta name=\"twitter:card\" content=\"summary_large_image\" \/>\n<meta name=\"twitter:label1\" content=\"Dur\u00e9e de lecture estim\u00e9e\" \/>\n\t<meta name=\"twitter:data1\" content=\"3 minutes\" \/>\n<script type=\"application\/ld+json\" class=\"yoast-schema-graph\">{\"@context\":\"https:\/\/schema.org\",\"@graph\":[{\"@type\":\"WebPage\",\"@id\":\"https:\/\/wcsglobal.com\/fr\/consortium\/about-us\",\"url\":\"https:\/\/wcsglobal.com\/fr\/consortium\/about-us\",\"name\":\"\u00c0 propos de nous - Winning Consortium Simandou\",\"isPartOf\":{\"@id\":\"https:\/\/wcsglobal.com\/fr\/#website\"},\"primaryImageOfPage\":{\"@id\":\"https:\/\/wcsglobal.com\/fr\/consortium\/about-us#primaryimage\"},\"image\":{\"@id\":\"https:\/\/wcsglobal.com\/fr\/consortium\/about-us#primaryimage\"},\"thumbnailUrl\":\"https:\/\/wcsglobal.com\/fr\/wp-content\/uploads\/2022\/02\/WCS.jpg\",\"datePublished\":\"2019-07-24T11:21:44+00:00\",\"dateModified\":\"2024-08-07T08:19:26+00:00\",\"breadcrumb\":{\"@id\":\"https:\/\/wcsglobal.com\/fr\/consortium\/about-us#breadcrumb\"},\"inLanguage\":\"fr-FR\",\"potentialAction\":[{\"@type\":\"ReadAction\",\"target\":[\"https:\/\/wcsglobal.com\/fr\/consortium\/about-us\"]}]},{\"@type\":\"ImageObject\",\"inLanguage\":\"fr-FR\",\"@id\":\"https:\/\/wcsglobal.com\/fr\/consortium\/about-us#primaryimage\",\"url\":\"https:\/\/wcsglobal.com\/fr\/wp-content\/uploads\/2022\/02\/WCS.jpg\",\"contentUrl\":\"https:\/\/wcsglobal.com\/fr\/wp-content\/uploads\/2022\/02\/WCS.jpg\",\"width\":952,\"height\":476},{\"@type\":\"BreadcrumbList\",\"@id\":\"https:\/\/wcsglobal.com\/fr\/consortium\/about-us#breadcrumb\",\"itemListElement\":[{\"@type\":\"ListItem\",\"position\":1,\"name\":\"Home\",\"item\":\"https:\/\/wcsglobal.com\/fr\/\"},{\"@type\":\"ListItem\",\"position\":2,\"name\":\"Consortium\",\"item\":\"https:\/\/wcsglobal.com\/fr\/consortium\"},{\"@type\":\"ListItem\",\"position\":3,\"name\":\"\u00c0 propos de nous\"}]},{\"@type\":\"WebSite\",\"@id\":\"https:\/\/wcsglobal.com\/fr\/#website\",\"url\":\"https:\/\/wcsglobal.com\/fr\/\",\"name\":\"Winning Consortium Simandou\",\"description\":\"Changer et D\u00e9velopper la Guin\u00e9e\",\"potentialAction\":[{\"@type\":\"SearchAction\",\"target\":{\"@type\":\"EntryPoint\",\"urlTemplate\":\"https:\/\/wcsglobal.com\/fr\/?s={search_term_string}\"},\"query-input\":{\"@type\":\"PropertyValueSpecification\",\"valueRequired\":true,\"valueName\":\"search_term_string\"}}],\"inLanguage\":\"fr-FR\"}]}<\/script>\n<!-- \/ Yoast SEO plugin. -->","yoast_head_json":{"title":"\u00c0 propos de nous - Winning Consortium Simandou","robots":{"index":"index","follow":"follow","max-snippet":"max-snippet:-1","max-image-preview":"max-image-preview:large","max-video-preview":"max-video-preview:-1"},"canonical":"https:\/\/wcsglobal.com\/fr\/consortium\/about-us","og_locale":"fr_FR","og_type":"article","og_title":"\u00c0 propos de nous - Winning Consortium Simandou","og_description":"[vc_row][vc_column][vc_column_text] &nbsp; Winning Consortium Simandou (WCS) est un Consortium cr\u00e9\u00e9 par les fondateurs de SMB-Winning Consortium, \u00e0 savoir Winning International Group de Singapour et China Hongqiao Group. WCS et ses affili\u00e9s d\u00e9velopperont et exploiteront la mine de fer \u00e0 ciel ouvert, le chemin de fer, le port et un a\u00e9roport. La construction sera r\u00e9alis\u00e9e par &hellip; Continue reading \u00c0 propos de nous &rarr;","og_url":"https:\/\/wcsglobal.com\/fr\/consortium\/about-us","og_site_name":"Winning Consortium Simandou","article_modified_time":"2024-08-07T08:19:26+00:00","og_image":[{"width":952,"height":476,"url":"https:\/\/wcsglobal.com\/fr\/wp-content\/uploads\/2022\/02\/WCS.jpg","type":"image\/jpeg"}],"twitter_card":"summary_large_image","twitter_misc":{"Dur\u00e9e de lecture estim\u00e9e":"3 minutes"},"schema":{"@context":"https:\/\/schema.org","@graph":[{"@type":"WebPage","@id":"https:\/\/wcsglobal.com\/fr\/consortium\/about-us","url":"https:\/\/wcsglobal.com\/fr\/consortium\/about-us","name":"\u00c0 propos de nous - Winning Consortium Simandou","isPartOf":{"@id":"https:\/\/wcsglobal.com\/fr\/#website"},"primaryImageOfPage":{"@id":"https:\/\/wcsglobal.com\/fr\/consortium\/about-us#primaryimage"},"image":{"@id":"https:\/\/wcsglobal.com\/fr\/consortium\/about-us#primaryimage"},"thumbnailUrl":"https:\/\/wcsglobal.com\/fr\/wp-content\/uploads\/2022\/02\/WCS.jpg","datePublished":"2019-07-24T11:21:44+00:00","dateModified":"2024-08-07T08:19:26+00:00","breadcrumb":{"@id":"https:\/\/wcsglobal.com\/fr\/consortium\/about-us#breadcrumb"},"inLanguage":"fr-FR","potentialAction":[{"@type":"ReadAction","target":["https:\/\/wcsglobal.com\/fr\/consortium\/about-us"]}]},{"@type":"ImageObject","inLanguage":"fr-FR","@id":"https:\/\/wcsglobal.com\/fr\/consortium\/about-us#primaryimage","url":"https:\/\/wcsglobal.com\/fr\/wp-content\/uploads\/2022\/02\/WCS.jpg","contentUrl":"https:\/\/wcsglobal.com\/fr\/wp-content\/uploads\/2022\/02\/WCS.jpg","width":952,"height":476},{"@type":"BreadcrumbList","@id":"https:\/\/wcsglobal.com\/fr\/consortium\/about-us#breadcrumb","itemListElement":[{"@type":"ListItem","position":1,"name":"Home","item":"https:\/\/wcsglobal.com\/fr\/"},{"@type":"ListItem","position":2,"name":"Consortium","item":"https:\/\/wcsglobal.com\/fr\/consortium"},{"@type":"ListItem","position":3,"name":"\u00c0 propos de nous"}]},{"@type":"WebSite","@id":"https:\/\/wcsglobal.com\/fr\/#website","url":"https:\/\/wcsglobal.com\/fr\/","name":"Winning Consortium Simandou","description":"Changer et D\u00e9velopper la Guin\u00e9e","potentialAction":[{"@type":"SearchAction","target":{"@type":"EntryPoint","urlTemplate":"https:\/\/wcsglobal.com\/fr\/?s={search_term_string}"},"query-input":{"@type":"PropertyValueSpecification","valueRequired":true,"valueName":"search_term_string"}}],"inLanguage":"fr-FR"}]}},"_links":{"self":[{"href":"https:\/\/wcsglobal.com\/fr\/wp-json\/wp\/v2\/pages\/403"}],"collection":[{"href":"https:\/\/wcsglobal.com\/fr\/wp-json\/wp\/v2\/pages"}],"about":[{"href":"https:\/\/wcsglobal.com\/fr\/wp-json\/wp\/v2\/types\/page"}],"author":[{"embeddable":true,"href":"https:\/\/wcsglobal.com\/fr\/wp-json\/wp\/v2\/users\/1"}],"replies":[{"embeddable":true,"href":"https:\/\/wcsglobal.com\/fr\/wp-json\/wp\/v2\/comments?post=403"}],"version-history":[{"count":1,"href":"https:\/\/wcsglobal.com\/fr\/wp-json\/wp\/v2\/pages\/403\/revisions"}],"predecessor-version":[{"id":1049,"href":"https:\/\/wcsglobal.com\/fr\/wp-json\/wp\/v2\/pages\/403\/revisions\/1049"}],"up":[{"embeddable":true,"href":"https:\/\/wcsglobal.com\/fr\/wp-json\/wp\/v2\/pages\/2"}],"wp:featuredmedia":[{"embeddable":true,"href":"https:\/\/wcsglobal.com\/fr\/wp-json\/wp\/v2\/media\/823"}],"wp:attachment":[{"href":"https:\/\/wcsglobal.com\/fr\/wp-json\/wp\/v2\/media?parent=403"}],"curies":[{"name":"wp","href":"https:\/\/api.w.org\/{rel}","templated":true}]}}