{"id":400,"date":"2019-07-24T11:21:22","date_gmt":"2019-07-24T11:21:22","guid":{"rendered":"http:\/\/www.smbwinning.com\/fr\/?page_id=400"},"modified":"2024-07-29T06:24:48","modified_gmt":"2024-07-29T06:24:48","slug":"our-partners","status":"publish","type":"page","link":"https:\/\/wcsglobal.com\/fr\/consortium\/our-partners","title":{"rendered":"Actionnaires"},"content":{"rendered":"<p><span style=\"font-size: 14pt;\"><strong>Winning International Group<\/strong><\/span><\/p>\n<p>Winning International Group est un conglom\u00e9rat diversifi\u00e9 avec des activit\u00e9s dans une vari\u00e9t\u00e9 de domaines tels que les activit\u00e9s d\u2019armateur, les op\u00e9rations maritimes, le transbordement maritime, la gestion des navires, le d\u00e9veloppement minier et la construction ferroviaire. Avec son si\u00e8ge social \u00e0 Singapour ainsi que des branches et filiales \u00e0 P\u00e9kin et Qingdao en Chine, en Guin\u00e9e et en Indon\u00e9sie, le groupe fournit des services s\u00fbrs, fiables et rentables de logistique terrestre, de logistique maritime et de transport oc\u00e9anique de bauxite, d\u2019alumine, de nickel, de minerai de fer et de marchandises g\u00e9n\u00e9rales pour une client\u00e8le du monde entier. Actuellement, Winning est la plus grande soci\u00e9t\u00e9 de transport maritime de bauxite au monde.<\/p>\n<p>Winning contr\u00f4le et exploite plus de 100 navires, avec notre propre flotte compos\u00e9e de 51 vraquiers, dont un vraquier Panamax et 39 vraquiers Capesize totalisant une capacit\u00e9 de 7,43 millions de TPL (tonnes de port en lourd). La capacit\u00e9 totale de notre flotte est actuellement class\u00e9e au premier rang dans le monde. L\u2019\u00e9quipe de transbordement de Winning contr\u00f4le huit grues flottantes \u00e0 grande \u00e9chelle, une paire de terminaux flottants \u00e0 marchandises, environ cent barges, des remorqueurs oc\u00e9aniques, des remorqueurs auxiliaires portuaires, des p\u00e9troliers de soutage et des quais flottants, tous ensembles forment notre syst\u00e8me de barges de transbordement maritime, avec une capacit\u00e9 de transbordement de 50 millions de tonnes par an.<\/p>\n<p><strong><span style=\"font-size: 14pt;\">China Hongqiao Group<\/span><\/strong><\/p>\n<p>China Hongqiao Group Limited (code stock: 1378) est l\u2019un des principaux fabricants de produits en aluminium en Chine. Situ\u00e9 dans la province de Shandong en Chine, le Groupe est principalement engag\u00e9 dans la production et la vente d\u2019alliages d\u2019aluminium fondus, de lingots d\u2019alliages d\u2019aluminium, de produits de moulage-laminage en alliage d\u2019aluminium et de barres omnibus en aluminium. Avec des op\u00e9rations \u00e0 grande \u00e9chelle, une technologie de pointe, une structure de co\u00fbts comp\u00e9titive, une strat\u00e9gie visionnaire d\u2019expansion de la cha\u00eene industrielle et une \u00e9quipe de direction exp\u00e9riment\u00e9e, le Groupe a r\u00e9ussi \u00e0 renforcer sa position de leader sur le march\u00e9, en soutenant sa croissance commerciale et ses avantages concurrentiels uniques.<\/p>\n","protected":false},"excerpt":{"rendered":"<p>Winning International Group Winning International Group est un conglom\u00e9rat diversifi\u00e9 avec des activit\u00e9s dans une vari\u00e9t\u00e9 de domaines tels que les activit\u00e9s d\u2019armateur, les op\u00e9rations maritimes, le transbordement maritime, la gestion des navires, le d\u00e9veloppement minier et la construction ferroviaire. Avec son si\u00e8ge social \u00e0 Singapour ainsi que des branches et filiales \u00e0 P\u00e9kin et &hellip; <a href=\"https:\/\/wcsglobal.com\/fr\/consortium\/our-partners\" class=\"more-link\">Continue reading <span class=\"screen-reader-text\">Actionnaires<\/span> <span class=\"meta-nav\">&rarr;<\/span><\/a><\/p>\n","protected":false},"author":1,"featured_media":0,"parent":2,"menu_order":0,"comment_status":"closed","ping_status":"closed","template":"","meta":{"footnotes":""},"acf":[],"yoast_head":"<!-- This site is optimized with the Yoast SEO plugin v23.5 - https:\/\/yoast.com\/wordpress\/plugins\/seo\/ -->\n<title>Actionnaires - Winning Consortium Simandou<\/title>\n<meta name=\"robots\" content=\"index, follow, max-snippet:-1, max-image-preview:large, max-video-preview:-1\" \/>\n<link rel=\"canonical\" href=\"https:\/\/wcsglobal.com\/fr\/consortium\/our-partners\" \/>\n<meta property=\"og:locale\" content=\"fr_FR\" \/>\n<meta property=\"og:type\" content=\"article\" \/>\n<meta property=\"og:title\" content=\"Actionnaires - Winning Consortium Simandou\" \/>\n<meta property=\"og:description\" content=\"Winning International Group Winning International Group est un conglom\u00e9rat diversifi\u00e9 avec des activit\u00e9s dans une vari\u00e9t\u00e9 de domaines tels que les activit\u00e9s d\u2019armateur, les op\u00e9rations maritimes, le transbordement maritime, la gestion des navires, le d\u00e9veloppement minier et la construction ferroviaire. Avec son si\u00e8ge social \u00e0 Singapour ainsi que des branches et filiales \u00e0 P\u00e9kin et &hellip; Continue reading Actionnaires &rarr;\" \/>\n<meta property=\"og:url\" content=\"https:\/\/wcsglobal.com\/fr\/consortium\/our-partners\" \/>\n<meta property=\"og:site_name\" content=\"Winning Consortium Simandou\" \/>\n<meta property=\"article:modified_time\" content=\"2024-07-29T06:24:48+00:00\" \/>\n<meta name=\"twitter:card\" content=\"summary_large_image\" \/>\n<meta name=\"twitter:label1\" content=\"Dur\u00e9e de lecture estim\u00e9e\" \/>\n\t<meta name=\"twitter:data1\" content=\"2 minutes\" \/>\n<script type=\"application\/ld+json\" class=\"yoast-schema-graph\">{\"@context\":\"https:\/\/schema.org\",\"@graph\":[{\"@type\":\"WebPage\",\"@id\":\"https:\/\/wcsglobal.com\/fr\/consortium\/our-partners\",\"url\":\"https:\/\/wcsglobal.com\/fr\/consortium\/our-partners\",\"name\":\"Actionnaires - Winning Consortium Simandou\",\"isPartOf\":{\"@id\":\"https:\/\/wcsglobal.com\/fr\/#website\"},\"datePublished\":\"2019-07-24T11:21:22+00:00\",\"dateModified\":\"2024-07-29T06:24:48+00:00\",\"breadcrumb\":{\"@id\":\"https:\/\/wcsglobal.com\/fr\/consortium\/our-partners#breadcrumb\"},\"inLanguage\":\"fr-FR\",\"potentialAction\":[{\"@type\":\"ReadAction\",\"target\":[\"https:\/\/wcsglobal.com\/fr\/consortium\/our-partners\"]}]},{\"@type\":\"BreadcrumbList\",\"@id\":\"https:\/\/wcsglobal.com\/fr\/consortium\/our-partners#breadcrumb\",\"itemListElement\":[{\"@type\":\"ListItem\",\"position\":1,\"name\":\"Home\",\"item\":\"https:\/\/wcsglobal.com\/fr\/\"},{\"@type\":\"ListItem\",\"position\":2,\"name\":\"Consortium\",\"item\":\"https:\/\/wcsglobal.com\/fr\/consortium\"},{\"@type\":\"ListItem\",\"position\":3,\"name\":\"Actionnaires\"}]},{\"@type\":\"WebSite\",\"@id\":\"https:\/\/wcsglobal.com\/fr\/#website\",\"url\":\"https:\/\/wcsglobal.com\/fr\/\",\"name\":\"Winning Consortium Simandou\",\"description\":\"Changer et D\u00e9velopper la Guin\u00e9e\",\"potentialAction\":[{\"@type\":\"SearchAction\",\"target\":{\"@type\":\"EntryPoint\",\"urlTemplate\":\"https:\/\/wcsglobal.com\/fr\/?s={search_term_string}\"},\"query-input\":{\"@type\":\"PropertyValueSpecification\",\"valueRequired\":true,\"valueName\":\"search_term_string\"}}],\"inLanguage\":\"fr-FR\"}]}<\/script>\n<!-- \/ Yoast SEO plugin. -->","yoast_head_json":{"title":"Actionnaires - Winning Consortium Simandou","robots":{"index":"index","follow":"follow","max-snippet":"max-snippet:-1","max-image-preview":"max-image-preview:large","max-video-preview":"max-video-preview:-1"},"canonical":"https:\/\/wcsglobal.com\/fr\/consortium\/our-partners","og_locale":"fr_FR","og_type":"article","og_title":"Actionnaires - Winning Consortium Simandou","og_description":"Winning International Group Winning International Group est un conglom\u00e9rat diversifi\u00e9 avec des activit\u00e9s dans une vari\u00e9t\u00e9 de domaines tels que les activit\u00e9s d\u2019armateur, les op\u00e9rations maritimes, le transbordement maritime, la gestion des navires, le d\u00e9veloppement minier et la construction ferroviaire. Avec son si\u00e8ge social \u00e0 Singapour ainsi que des branches et filiales \u00e0 P\u00e9kin et &hellip; Continue reading Actionnaires &rarr;","og_url":"https:\/\/wcsglobal.com\/fr\/consortium\/our-partners","og_site_name":"Winning Consortium Simandou","article_modified_time":"2024-07-29T06:24:48+00:00","twitter_card":"summary_large_image","twitter_misc":{"Dur\u00e9e de lecture estim\u00e9e":"2 minutes"},"schema":{"@context":"https:\/\/schema.org","@graph":[{"@type":"WebPage","@id":"https:\/\/wcsglobal.com\/fr\/consortium\/our-partners","url":"https:\/\/wcsglobal.com\/fr\/consortium\/our-partners","name":"Actionnaires - Winning Consortium Simandou","isPartOf":{"@id":"https:\/\/wcsglobal.com\/fr\/#website"},"datePublished":"2019-07-24T11:21:22+00:00","dateModified":"2024-07-29T06:24:48+00:00","breadcrumb":{"@id":"https:\/\/wcsglobal.com\/fr\/consortium\/our-partners#breadcrumb"},"inLanguage":"fr-FR","potentialAction":[{"@type":"ReadAction","target":["https:\/\/wcsglobal.com\/fr\/consortium\/our-partners"]}]},{"@type":"BreadcrumbList","@id":"https:\/\/wcsglobal.com\/fr\/consortium\/our-partners#breadcrumb","itemListElement":[{"@type":"ListItem","position":1,"name":"Home","item":"https:\/\/wcsglobal.com\/fr\/"},{"@type":"ListItem","position":2,"name":"Consortium","item":"https:\/\/wcsglobal.com\/fr\/consortium"},{"@type":"ListItem","position":3,"name":"Actionnaires"}]},{"@type":"WebSite","@id":"https:\/\/wcsglobal.com\/fr\/#website","url":"https:\/\/wcsglobal.com\/fr\/","name":"Winning Consortium Simandou","description":"Changer et D\u00e9velopper la Guin\u00e9e","potentialAction":[{"@type":"SearchAction","target":{"@type":"EntryPoint","urlTemplate":"https:\/\/wcsglobal.com\/fr\/?s={search_term_string}"},"query-input":{"@type":"PropertyValueSpecification","valueRequired":true,"valueName":"search_term_string"}}],"inLanguage":"fr-FR"}]}},"_links":{"self":[{"href":"https:\/\/wcsglobal.com\/fr\/wp-json\/wp\/v2\/pages\/400"}],"collection":[{"href":"https:\/\/wcsglobal.com\/fr\/wp-json\/wp\/v2\/pages"}],"about":[{"href":"https:\/\/wcsglobal.com\/fr\/wp-json\/wp\/v2\/types\/page"}],"author":[{"embeddable":true,"href":"https:\/\/wcsglobal.com\/fr\/wp-json\/wp\/v2\/users\/1"}],"replies":[{"embeddable":true,"href":"https:\/\/wcsglobal.com\/fr\/wp-json\/wp\/v2\/comments?post=400"}],"version-history":[{"count":2,"href":"https:\/\/wcsglobal.com\/fr\/wp-json\/wp\/v2\/pages\/400\/revisions"}],"predecessor-version":[{"id":1047,"href":"https:\/\/wcsglobal.com\/fr\/wp-json\/wp\/v2\/pages\/400\/revisions\/1047"}],"up":[{"embeddable":true,"href":"https:\/\/wcsglobal.com\/fr\/wp-json\/wp\/v2\/pages\/2"}],"wp:attachment":[{"href":"https:\/\/wcsglobal.com\/fr\/wp-json\/wp\/v2\/media?parent=400"}],"curies":[{"name":"wp","href":"https:\/\/api.w.org\/{rel}","templated":true}]}}