{"id":36,"date":"2019-01-22T11:00:43","date_gmt":"2019-01-22T11:00:43","guid":{"rendered":"http:\/\/www.smbwinning.com\/fr\/?page_id=36"},"modified":"2021-03-24T23:36:58","modified_gmt":"2021-03-24T23:36:58","slug":"durabilite","status":"publish","type":"page","link":"https:\/\/wcsglobal.com\/fr\/durabilite","title":{"rendered":"Durabilit\u00e9"},"content":{"rendered":"<section class=\"wpb-content-wrapper\"><p>[vc_row][vc_column][vc_column_text]<\/p>\n<p class=\"video\"><iframe src=\"https:\/\/www.youtube.com\/embed\/Bsy-G59JUvM\" frameborder=\"0\" allowfullscreen=\"allowfullscreen\"><\/iframe><\/p>\n<p>[\/vc_column_text][\/vc_column][\/vc_row][vc_row][vc_column][vc_column_text]<\/p>\n<table style=\"height: 648px; width: 60%;\" width=\"100%\">\n<tbody>\n<tr style=\"height: 24px;\">\n<td style=\"width: 50%; height: 24px;\">\u00a0Mai 2014<\/td>\n<td style=\"width: 50%; height: 24px;\">\u00a0Introduction de nos concepts au Pr\u00e9sident de Guin\u00e9e.<\/td>\n<\/tr>\n<tr style=\"height: 24px;\">\n<td style=\"width: 50%; height: 24px;\">\u00a0Ao\u00fbt 2014<\/td>\n<td style=\"width: 50%; height: 24px;\">\u00a0Introduction de nos projets au Pr\u00e9sident de Guin\u00e9e.<\/td>\n<\/tr>\n<tr style=\"height: 24px;\">\n<td style=\"width: 50%; height: 24px;\">\u00a0Novembre 2014<\/td>\n<td style=\"width: 50%; height: 24px;\">\u00a0Obtention du droit de l\u2019exploitation de la premi\u00e8re zone mini\u00e8re par SMB<\/td>\n<\/tr>\n<tr style=\"height: 24px;\">\n<td style=\"width: 50%; height: 24px;\">\u00a0F\u00e9vrier 2015<\/td>\n<td style=\"width: 50%; height: 24px;\">\u00a0\u00a0Lors de la f\u00eate du printemps: Efforts d\u2019obtenir plus du droit d\u2019exploitation;<br \/>\nObtention de la licence d\u2019utilisation du terrain dans la zone portuaire;<br \/>\nS\u00e9lection du site pour construire les bases.<\/td>\n<\/tr>\n<tr style=\"height: 24px;\">\n<td style=\"width: 50%; height: 24px;\">Mars &#8211; Juillet 2015<\/td>\n<td style=\"width: 50%; height: 24px;\">Conclusion des conventions relatifs \u00e0 la logistique maritime et portuaire.<br \/>\nArriv\u00e9e des premi\u00e8res infrastructures pour la logistique maritime en Guin\u00e9e.<br \/>\nArriv\u00e9e des premi\u00e8res mat\u00e9riaux pour la construction portuaire en Guin\u00e9e.<br \/>\nConsentement de l\u2019audition publique des \u00e9tudes environnemental et social.<br \/>\nObtention de licence d\u2019exploitation mini\u00e8re.<\/td>\n<\/tr>\n<tr style=\"height: 24px;\">\n<td style=\"width: 50%; height: 24px;\">Mai 2015<\/td>\n<td style=\"width: 50%; height: 24px;\">Visite en Guinee, seulement \u00e0 20 KM des r\u00e9gions affect\u00e9es pas l\u2019Ebola.<\/td>\n<\/tr>\n<tr style=\"height: 24px;\">\n<td style=\"width: 50%; height: 24px;\">D\u00e9but Juillet 2015<\/td>\n<td style=\"width: 50%; height: 24px;\">Arriv\u00e9e de la premi\u00e8re grue en Guin\u00e9e.<\/td>\n<\/tr>\n<tr style=\"height: 24px;\">\n<td style=\"width: 50%; height: 24px;\">20 Juillet 2015<\/td>\n<td style=\"width: 50%; height: 24px;\">Embarquement du premier bateau de bauxite de Guin\u00e9e.<\/td>\n<\/tr>\n<tr style=\"height: 24px;\">\n<td style=\"width: 50%; height: 24px;\">Novembre 2015<\/td>\n<td style=\"width: 50%; height: 24px;\">Le premier bateau de bauxite de Guin\u00e9e arriva au port de Yantai en Chine.<\/td>\n<\/tr>\n<tr style=\"height: 24px;\">\n<td style=\"width: 50%; height: 24px;\">Depuis Mai 2016<\/td>\n<td style=\"width: 50%; height: 24px;\">Le Port 2# est capable de d\u00e9sembarquement simple;<\/td>\n<\/tr>\n<tr style=\"height: 24px;\">\n<td style=\"width: 50%; height: 24px;\">Depuis Mai 2016<\/td>\n<td style=\"width: 50%; height: 24px;\">Le Port 2# est capable de d\u00e9sembarquement simple;<br \/>\nLes tapis 3# 4# de transporteurs du port 1# furent d\u00e9livr\u00e9s pour l\u2019usage.<\/td>\n<\/tr>\n<tr style=\"height: 24px;\">\n<td style=\"width: 50%; height: 24px;\">28 mai 2016<\/td>\n<td style=\"width: 50%; height: 24px;\">Trois\u00e8me \u00e9quiments logistique de Winning arrive en Guinee.<\/td>\n<\/tr>\n<tr style=\"height: 24px;\">\n<td style=\"width: 50%; height: 24px;\">mai 2016<\/td>\n<td style=\"width: 50%; height: 24px;\">Achat de huit barges qui allaient arriver en Guinee au septembre 2016<\/td>\n<\/tr>\n<tr style=\"height: 24px;\">\n<td style=\"width: 50%; height: 24px;\">Juin 2016<\/td>\n<td style=\"width: 50%; height: 24px;\">Les port peuvent depuis ce temps d\u00e9sembarquer 5.5 tonnes de marchandises par jour.<\/td>\n<\/tr>\n<tr style=\"height: 24px;\">\n<td style=\"width: 50%; height: 24px;\">20 juin 2016<\/td>\n<td style=\"width: 50%; height: 24px;\">Le Ach\u00e8vement de la construction des ro\u00fbtes pour transport mini\u00e8re vers le port1#.<\/td>\n<\/tr>\n<tr style=\"height: 24px;\">\n<td style=\"width: 50%; height: 24px;\">30 juin2016<\/td>\n<td style=\"width: 50%; height: 24px;\">La mise en service du port 1#.<\/td>\n<\/tr>\n<tr style=\"height: 24px;\">\n<td style=\"width: 50%; height: 24px;\">15 juillet 2016<\/td>\n<td style=\"width: 50%; height: 24px;\">Promotion de FCT qui allait arriver en Guin\u00e9e au septembre pour la production.<\/td>\n<\/tr>\n<tr style=\"height: 24px;\">\n<td style=\"width: 50%; height: 24px;\">29 juillet 2016<\/td>\n<td style=\"width: 50%; height: 24px;\">Production stable du Consortium depuis une ann\u00e9e compl\u00e8te.<\/p>\n<p>Production mensuel d\u00e9passe 100 tonnes.<\/td>\n<\/tr>\n<tr style=\"height: 24px;\">\n<td style=\"width: 50%; height: 24px;\">30 juillet 2016<\/td>\n<td style=\"width: 50%; height: 24px;\">Arriv\u00e9e de quatre barges de Shanghai en Guin\u00e9e.<br \/>\nLa mise en service de la plate-forme de construction de bateux au Port 2#.<\/td>\n<\/tr>\n<tr style=\"height: 24px;\">\n<td style=\"width: 50%; height: 24px;\">15 ao\u00fbt 2016<\/td>\n<td style=\"width: 50%; height: 24px;\">Arriv\u00e9e en Guin\u00e9e de deux \u00e9quipement minier m\u00e9canique.<br \/>\nPromotion de FCT qui arriverait en Guin\u00e9e pour \u00eatre utilis\u00e9 depuis d\u00e9cembre.<\/td>\n<\/tr>\n<tr style=\"height: 24px;\">\n<td style=\"width: 50%; height: 24px;\">1 septembre 2016<\/td>\n<td style=\"width: 50%; height: 24px;\">Travaux termin\u00e9s de l\u2019installation d\u2019un grand pont.<\/td>\n<\/tr>\n<tr style=\"height: 24px;\">\n<td style=\"width: 50%; height: 24px;\">1 octobre 2016<\/td>\n<td style=\"width: 50%; height: 24px;\">La mise en service d\u2019un simple poste \u00e0 quai du port 2#.<\/td>\n<\/tr>\n<tr style=\"height: 24px;\">\n<td style=\"width: 50%; height: 24px;\">4 Octobre 2016<\/td>\n<td style=\"width: 50%; height: 24px;\">Premier embarquement du port 2#. Livraison complet du port 1#.<br \/>\nC\u00e9r\u00e9monie d\u2019inauguration de la mise en service du grand pont du Consortium.<\/td>\n<\/tr>\n<tr style=\"height: 24px;\">\n<td style=\"width: 50%; height: 24px;\">1 janvier 2017<\/td>\n<td style=\"width: 50%; height: 24px;\">La mise en service de trois quai du port 2# &#8211; production de 4.5 tonnes par jour.<br \/>\nProduction de 10 tonnes par jour conjointement par les port 1# et 2#.<\/td>\n<\/tr>\n<tr style=\"height: 24px;\">\n<td style=\"width: 50%; height: 24px;\">Fin mars 2017<\/td>\n<td style=\"width: 50%; height: 24px;\">Travaux compl\u00e8tement termin\u00e9s de la zone portuaire 2#.<br \/>\nLa mise en service d\u2019un bassin pour la r\u00e9paration simple de bateaux.<\/td>\n<\/tr>\n<tr style=\"height: 24px; width: 100%;\">\n<td style=\"width: 50%; height: 24px;\">2018<\/td>\n<td style=\"width: 50%; height: 24px;\">Avec le transport de la bauxite de Guin\u00e9e en Chine et en d\u2019autre pays du monde, laGuin\u00e9e devient un facteur d\u00e9terminant dans le march\u00e9 international de bauxite. Et laroute maritime qui lie le port de Bok\u00e9 avec l\u2019Extreme-Orient devient une routed\u2019innovation, qui marque le d\u00e9but d\u2019une nouvelle \u00e9poque, ce qui montrel\u2019accroissement d\u2019influence de la Guin\u00e9e.<\/td>\n<\/tr>\n<\/tbody>\n<\/table>\n<p>[\/vc_column_text][\/vc_column][\/vc_row]<\/p>\n<\/section>","protected":false},"excerpt":{"rendered":"<p>[vc_row][vc_column][vc_column_text] [\/vc_column_text][\/vc_column][\/vc_row][vc_row][vc_column][vc_column_text] \u00a0Mai 2014 \u00a0Introduction de nos concepts au Pr\u00e9sident de Guin\u00e9e. \u00a0Ao\u00fbt 2014 \u00a0Introduction de nos projets au Pr\u00e9sident de Guin\u00e9e. \u00a0Novembre 2014 \u00a0Obtention du droit de l\u2019exploitation de la premi\u00e8re zone mini\u00e8re par SMB \u00a0F\u00e9vrier 2015 \u00a0\u00a0Lors de la f\u00eate du printemps: Efforts d\u2019obtenir plus du droit d\u2019exploitation; Obtention de la licence d\u2019utilisation &hellip; <a href=\"https:\/\/wcsglobal.com\/fr\/durabilite\" class=\"more-link\">Continue reading <span class=\"screen-reader-text\">Durabilit\u00e9<\/span> <span class=\"meta-nav\">&rarr;<\/span><\/a><\/p>\n","protected":false},"author":1,"featured_media":0,"parent":0,"menu_order":0,"comment_status":"closed","ping_status":"closed","template":"page-csr.php","meta":{"footnotes":""},"acf":[],"yoast_head":"<!-- This site is optimized with the Yoast SEO plugin v23.5 - https:\/\/yoast.com\/wordpress\/plugins\/seo\/ -->\n<title>Durabilit\u00e9 - Winning Consortium Simandou<\/title>\n<meta name=\"robots\" content=\"index, follow, max-snippet:-1, max-image-preview:large, max-video-preview:-1\" \/>\n<link rel=\"canonical\" href=\"https:\/\/wcsglobal.com\/fr\/durabilite\" \/>\n<meta property=\"og:locale\" content=\"fr_FR\" \/>\n<meta property=\"og:type\" content=\"article\" \/>\n<meta property=\"og:title\" content=\"Durabilit\u00e9 - Winning Consortium Simandou\" \/>\n<meta property=\"og:description\" content=\"[vc_row][vc_column][vc_column_text] [\/vc_column_text][\/vc_column][\/vc_row][vc_row][vc_column][vc_column_text] \u00a0Mai 2014 \u00a0Introduction de nos concepts au Pr\u00e9sident de Guin\u00e9e. \u00a0Ao\u00fbt 2014 \u00a0Introduction de nos projets au Pr\u00e9sident de Guin\u00e9e. \u00a0Novembre 2014 \u00a0Obtention du droit de l\u2019exploitation de la premi\u00e8re zone mini\u00e8re par SMB \u00a0F\u00e9vrier 2015 \u00a0\u00a0Lors de la f\u00eate du printemps: Efforts d\u2019obtenir plus du droit d\u2019exploitation; Obtention de la licence d\u2019utilisation &hellip; Continue reading Durabilit\u00e9 &rarr;\" \/>\n<meta property=\"og:url\" content=\"https:\/\/wcsglobal.com\/fr\/durabilite\" \/>\n<meta property=\"og:site_name\" content=\"Winning Consortium Simandou\" \/>\n<meta property=\"article:modified_time\" content=\"2021-03-24T23:36:58+00:00\" \/>\n<meta name=\"twitter:card\" content=\"summary_large_image\" \/>\n<meta name=\"twitter:label1\" content=\"Dur\u00e9e de lecture estim\u00e9e\" \/>\n\t<meta name=\"twitter:data1\" content=\"3 minutes\" \/>\n<script type=\"application\/ld+json\" class=\"yoast-schema-graph\">{\"@context\":\"https:\/\/schema.org\",\"@graph\":[{\"@type\":\"WebPage\",\"@id\":\"https:\/\/wcsglobal.com\/fr\/durabilite\",\"url\":\"https:\/\/wcsglobal.com\/fr\/durabilite\",\"name\":\"Durabilit\u00e9 - Winning Consortium Simandou\",\"isPartOf\":{\"@id\":\"https:\/\/wcsglobal.com\/fr\/#website\"},\"datePublished\":\"2019-01-22T11:00:43+00:00\",\"dateModified\":\"2021-03-24T23:36:58+00:00\",\"breadcrumb\":{\"@id\":\"https:\/\/wcsglobal.com\/fr\/durabilite#breadcrumb\"},\"inLanguage\":\"fr-FR\",\"potentialAction\":[{\"@type\":\"ReadAction\",\"target\":[\"https:\/\/wcsglobal.com\/fr\/durabilite\"]}]},{\"@type\":\"BreadcrumbList\",\"@id\":\"https:\/\/wcsglobal.com\/fr\/durabilite#breadcrumb\",\"itemListElement\":[{\"@type\":\"ListItem\",\"position\":1,\"name\":\"Home\",\"item\":\"https:\/\/wcsglobal.com\/fr\/\"},{\"@type\":\"ListItem\",\"position\":2,\"name\":\"Durabilit\u00e9\"}]},{\"@type\":\"WebSite\",\"@id\":\"https:\/\/wcsglobal.com\/fr\/#website\",\"url\":\"https:\/\/wcsglobal.com\/fr\/\",\"name\":\"Winning Consortium Simandou\",\"description\":\"Changer et D\u00e9velopper la Guin\u00e9e\",\"potentialAction\":[{\"@type\":\"SearchAction\",\"target\":{\"@type\":\"EntryPoint\",\"urlTemplate\":\"https:\/\/wcsglobal.com\/fr\/?s={search_term_string}\"},\"query-input\":{\"@type\":\"PropertyValueSpecification\",\"valueRequired\":true,\"valueName\":\"search_term_string\"}}],\"inLanguage\":\"fr-FR\"}]}<\/script>\n<!-- \/ Yoast SEO plugin. -->","yoast_head_json":{"title":"Durabilit\u00e9 - Winning Consortium Simandou","robots":{"index":"index","follow":"follow","max-snippet":"max-snippet:-1","max-image-preview":"max-image-preview:large","max-video-preview":"max-video-preview:-1"},"canonical":"https:\/\/wcsglobal.com\/fr\/durabilite","og_locale":"fr_FR","og_type":"article","og_title":"Durabilit\u00e9 - Winning Consortium Simandou","og_description":"[vc_row][vc_column][vc_column_text] [\/vc_column_text][\/vc_column][\/vc_row][vc_row][vc_column][vc_column_text] \u00a0Mai 2014 \u00a0Introduction de nos concepts au Pr\u00e9sident de Guin\u00e9e. \u00a0Ao\u00fbt 2014 \u00a0Introduction de nos projets au Pr\u00e9sident de Guin\u00e9e. \u00a0Novembre 2014 \u00a0Obtention du droit de l\u2019exploitation de la premi\u00e8re zone mini\u00e8re par SMB \u00a0F\u00e9vrier 2015 \u00a0\u00a0Lors de la f\u00eate du printemps: Efforts d\u2019obtenir plus du droit d\u2019exploitation; Obtention de la licence d\u2019utilisation &hellip; Continue reading Durabilit\u00e9 &rarr;","og_url":"https:\/\/wcsglobal.com\/fr\/durabilite","og_site_name":"Winning Consortium Simandou","article_modified_time":"2021-03-24T23:36:58+00:00","twitter_card":"summary_large_image","twitter_misc":{"Dur\u00e9e de lecture estim\u00e9e":"3 minutes"},"schema":{"@context":"https:\/\/schema.org","@graph":[{"@type":"WebPage","@id":"https:\/\/wcsglobal.com\/fr\/durabilite","url":"https:\/\/wcsglobal.com\/fr\/durabilite","name":"Durabilit\u00e9 - Winning Consortium Simandou","isPartOf":{"@id":"https:\/\/wcsglobal.com\/fr\/#website"},"datePublished":"2019-01-22T11:00:43+00:00","dateModified":"2021-03-24T23:36:58+00:00","breadcrumb":{"@id":"https:\/\/wcsglobal.com\/fr\/durabilite#breadcrumb"},"inLanguage":"fr-FR","potentialAction":[{"@type":"ReadAction","target":["https:\/\/wcsglobal.com\/fr\/durabilite"]}]},{"@type":"BreadcrumbList","@id":"https:\/\/wcsglobal.com\/fr\/durabilite#breadcrumb","itemListElement":[{"@type":"ListItem","position":1,"name":"Home","item":"https:\/\/wcsglobal.com\/fr\/"},{"@type":"ListItem","position":2,"name":"Durabilit\u00e9"}]},{"@type":"WebSite","@id":"https:\/\/wcsglobal.com\/fr\/#website","url":"https:\/\/wcsglobal.com\/fr\/","name":"Winning Consortium Simandou","description":"Changer et D\u00e9velopper la Guin\u00e9e","potentialAction":[{"@type":"SearchAction","target":{"@type":"EntryPoint","urlTemplate":"https:\/\/wcsglobal.com\/fr\/?s={search_term_string}"},"query-input":{"@type":"PropertyValueSpecification","valueRequired":true,"valueName":"search_term_string"}}],"inLanguage":"fr-FR"}]}},"_links":{"self":[{"href":"https:\/\/wcsglobal.com\/fr\/wp-json\/wp\/v2\/pages\/36"}],"collection":[{"href":"https:\/\/wcsglobal.com\/fr\/wp-json\/wp\/v2\/pages"}],"about":[{"href":"https:\/\/wcsglobal.com\/fr\/wp-json\/wp\/v2\/types\/page"}],"author":[{"embeddable":true,"href":"https:\/\/wcsglobal.com\/fr\/wp-json\/wp\/v2\/users\/1"}],"replies":[{"embeddable":true,"href":"https:\/\/wcsglobal.com\/fr\/wp-json\/wp\/v2\/comments?post=36"}],"version-history":[{"count":0,"href":"https:\/\/wcsglobal.com\/fr\/wp-json\/wp\/v2\/pages\/36\/revisions"}],"wp:attachment":[{"href":"https:\/\/wcsglobal.com\/fr\/wp-json\/wp\/v2\/media?parent=36"}],"curies":[{"name":"wp","href":"https:\/\/api.w.org\/{rel}","templated":true}]}}