{"id":34,"date":"2019-01-22T11:00:15","date_gmt":"2019-01-22T03:00:15","guid":{"rendered":"http:\/\/winningfr.dfsj.net\/?page_id=34"},"modified":"2021-03-29T01:29:15","modified_gmt":"2021-03-28T17:29:15","slug":"media","status":"publish","type":"page","link":"https:\/\/wcsglobal.com\/cn\/media","title":{"rendered":"\u5a92\u4f53"},"content":{"rendered":"<section class=\"wpb-content-wrapper\"><p>[vc_row][vc_column][vc_column_text]<\/p>\n<p class=\"video\"><iframe src=\"https:\/\/www.youtube.com\/embed\/rvdA58WZ5iI\" frameborder=\"0\" allowfullscreen=\"allowfullscreen\"><\/iframe><\/p>\n<div id=\"comp-j9t3zyo7\" class=\"txtNew\" data-packed=\"true\">\n<p class=\"font_8\"><span class=\"color_18\">\u00c0 propos du Consortium SMB-Winning<\/span><\/p>\n<\/div>\n<div id=\"comp-j9t3zyok\" class=\"txtNew\" data-packed=\"true\">\n<h5 class=\"font_5\">Fond\u00e9 en 2014, le consortium SMB-Winning regroupe trois partenaires mondiaux dans les domaines de l\u2019extraction, de la production et du transport de bauxite : le singapourien Winning Shipping Ltd, armateur asiatique de premier plan ; UMS, une soci\u00e9t\u00e9 de transport et de logistique pr\u00e9sente en Guin\u00e9e depuis plus de 20 ans ; Shandong Weiqiao, une soci\u00e9t\u00e9 chinoise leader dans la production d\u2019aluminium, forte de 160 000 employ\u00e9s et d\u2019un chiffre d\u2019affaires annuel de 45 milliards de dollars US. L\u2019\u00c9tat de Guin\u00e9e, partenaire et membre du consortium, est actionnaire \u00e0 hauteur de 10%.<\/h5>\n<h5 class=\"font_5\"><\/h5>\n<h5 class=\"font_5\">Depuis sa cr\u00e9ation, SMB-Winning a investi plus de 1 milliard de dollars US dans ses activit\u00e9s extractives dans la r\u00e9gion de Bok\u00e9. Le consortium, qui emploie directement plus de 5 500 personnes, a \u00e9galement construit et g\u00e8re deux terminaux fluviaux.<\/h5>\n<\/div>\n<div id=\"comp-jmhod0at\" class=\"style-jmhot1dd\" title=\"\" data-exact-height=\"223\" data-content-padding-horizontal=\"0\" data-content-padding-vertical=\"0\">\n<div id=\"comp-jmhod0atlink\" class=\"style-jmhot1ddlink\">\n<div id=\"comp-jmhod0atimg\" class=\"style-jmhot1ddimg\" data-style=\"\"><img decoding=\"async\" id=\"comp-jmhod0atimgimage\" src=\"https:\/\/static.wixstatic.com\/media\/0bdeaf_3bcacdfd3725463e8bb424b4af3cb43d~mv2.png\/v1\/fill\/w_718,h_223,al_c,lg_1,q_80,usm_2.00_1.00_0.00\/c_PNG.webp\" alt=\"c.PNG\" data-type=\"image\" \/><\/div>\n<\/div>\n<\/div>\n<div id=\"comp-jm6iqoqq\" class=\"txtNew\" data-packed=\"true\">\n<p class=\"font_8\"><span class=\"color_18\">Normes de construction et d&#8217;exploitation du projet du Consortium<\/span><\/p>\n<p class=\"font_8\">Mod\u00e8le de d\u00e9veloppement minier syst\u00e9matis\u00e9 aux normes strictes HSSE avec les installations innovantes logistiques portuaires et maritimes sont devenues la r\u00e9f\u00e9rence en mati\u00e8re de d\u00e9veloppement minier.<\/p>\n<p class=\"font_8\">Pendant la p\u00e9riode de construction et d&#8217;exploitation, sur les plans de gestion financi\u00e8re, d\u2019emplois, et de communaut\u00e9, le Consortium WINNING suit les principes suivants\u00a0:<\/p>\n<p class=\"font_8\">1. Internationalisation et transparence: Adopter des mesures internationals standard d\u2019appel d\u2019offres, une s\u00e9lection ouverte et transparente.<\/p>\n<p class=\"font_8\">2. Protection de l&#8217;environnement et normalisation de la s\u00e9curit\u00e9: Adopter des normes d&#8217;\u00e9valuation de la s\u00e9curit\u00e9 et de l&#8217;environnement de classe mondiale et des mesures strictes de mise en \u0153uvre.<\/p>\n<p class=\"font_8\">3. Ouverture: incorporer des consultants internationaux pour participer aux \u00e9valuations et aux inspections.<\/p>\n<p class=\"font_8\">4. Localisation: Int\u00e9grer des talents locaux pour participer \u00e0 la gestion, recruter et embaucher des travailleurs locaux pour participer \u00e0 l&#8217;emploi et employer les sous-traitants locaux pour qu&#8217;ils participent aux projets et aux services de mani\u00e8re \u00e9quitable.<\/p>\n<p class=\"font_8\">Afin de normaliser et de satisfaire davantage la conscience juridique et la responsabilit\u00e9 du Consortium WINNING et de r\u00e9pondre aux normes des soci\u00e9t\u00e9s mini\u00e8res de classe mondiale, nous avons travaill\u00e9 en 2016:<\/p>\n<p class=\"font_8\">\u2022 2016 En mai, en r\u00e9ponse \u00e0 l&#8217;appel du minist\u00e8re des Mines de Guin\u00e9e sur la mise en \u0153uvre de \u00ab Convention de Promotion de la transparence dans le d\u00e9veloppement du secteur minier de Guin\u00e9e \u00bb, nous avons pris des mesures concr\u00e8tes pour se comformer \u00e0 la pr\u00e9sente Convention et pour soutenir sa mise en oeuvre.<span class=\"wixGuard\">\u200b<\/span><\/p>\n<p class=\"font_8\">\u2022 Au cours du d\u00e9veloppement en Guin\u00e9e, nous avons constamment r\u00e9affirm\u00e9e dans les dispositions pertinentes du projet \u00ab droit minier Guin\u00e9e \u00bb, \u00ab Loi sur la protection de l&#8217;environnement \u00bb pour s\u2019am\u00e9liorer constamment.<span class=\"wixGuard\">\u200b<\/span><\/p>\n<p class=\"font_8\">\u2022 Nous avons embauch\u00e9 PWC &#8211; soci\u00e9t\u00e9 d&#8217;audit internationale juridique professionnelle pour conseriller la structure et la comformit\u00e9 d&#8217;entreprise, r\u00e9viser r\u00e9guli\u00e8rement et examiner toutes les aspects fiscals, juridiques et connexes, et am\u00e9liorer constamment la rationalit\u00e9 de la gestion d\u2019entreprise.<span class=\"wixGuard\">\u200b<\/span><\/p>\n<p class=\"font_8\">\u2022 Nous avons embauch\u00e9 SGS \/ CCCI et d&#8217;autres organisations de tests professionnels reconnus au niveau international pour la surveillance de la cargaison et le contr\u00f4le de la qualit\u00e9 afin d&#8217;assurer que tous les processus de fret sont conformes aux normes et aux exigences internationales avanc\u00e9es.<span class=\"wixGuard\">\u200b<\/span><\/p>\n<p class=\"font_8\">\u2022 Nous avons embauch\u00e9 CAMEN \u2013 consultant des \u00e9tudes professionelles de faisabilit\u00e9 EIA (Environnement Impact Assessment), compensation communautaire, etc., pour \u00eatre \u00e9quitable, juste et raisonnable, \u00e0 la reconnaissance et la confiance de la population locale.<span class=\"wixGuard\">\u200b<\/span><\/p>\n<p class=\"font_8\">\u2022 Nous avons embauch\u00e9 de top consultants de la France pour la planification et l&#8217;\u00e9valuation de la responsabilit\u00e9 sociale de l&#8217;entreprise mini\u00e8re, et l\u2019\u00e9quipe solide de consultants fournit un soutien \u00e0 la responsabilit\u00e9 sociale et la gestion des affaires.<\/p>\n<p class=\"font_8\">\u2022Le Consortium WINNING a offert maintenant pr\u00e8s de 10 000 emplois locaux, et a suivi une politique du \u00ab respect, la tol\u00e9rance, l&#8217;\u00e9change et le d\u00e9veloppement\u00bb en faveur du co-d\u00e9veloppement avec le personnel local, pour cr\u00e9er une \u00e9quipe attentionn\u00e9e et harmonieuse.<\/p>\n<p class=\"font_8\">\u2022 Le Consortium met l\u2019accent sur la diversit\u00e9 des pr\u00e9occupations nationales Guin\u00e9enne, en r\u00e9ponse \u00e0 l&#8217;avant-garde des id\u00e9es dans divers domaines, le soutient dans l&#8217;innovation et le d\u00e9veloppement de l&#8217;\u00e9ducation, de la culture, de l&#8217;art, de l&#8217;architecture, de l&#8217;\u00e9conomie, et de la politique.<\/p>\n<p class=\"font_8\">\u2022 Le b\u00e2timent WINNING \u00e0 Conakry est la premi\u00e8re architecture construit conform\u00e9ment aux exigences de la loi mini\u00e8re qui refl\u00e8te non seulement notre conscience stricte du respect de la loi, mais d\u00e9montre \u00e9galement notre d\u00e9termination \u00e0 d\u00e9velopper avec la Guin\u00e9e.<\/p>\n<\/div>\n<p>[\/vc_column_text][\/vc_column][\/vc_row]<\/p>\n<\/section>","protected":false},"excerpt":{"rendered":"<p>[vc_row][vc_column][vc_column_text] \u00c0 propos du Consort &hellip; <a href=\"https:\/\/wcsglobal.com\/cn\/media\" class=\"more-link\">Continue reading <span class=\"screen-reader-text\">\u5a92\u4f53<\/span> <span class=\"meta-nav\">&rarr;<\/span><\/a><\/p>\n","protected":false},"author":1,"featured_media":0,"parent":0,"menu_order":0,"comment_status":"closed","ping_status":"closed","template":"page-news.php","meta":{"footnotes":""},"class_list":["post-34","page","type-page","status-publish","hentry"],"acf":[],"yoast_head":"<!-- This site is optimized with the Yoast SEO plugin v27.4 - https:\/\/yoast.com\/product\/yoast-seo-wordpress\/ -->\n<title>\u5a92\u4f53 - Winning Consortium Simandou<\/title>\n<meta name=\"robots\" content=\"index, follow, max-snippet:-1, max-image-preview:large, max-video-preview:-1\" \/>\n<link rel=\"canonical\" href=\"https:\/\/wcsglobal.com\/cn\/media\" \/>\n<meta property=\"og:locale\" content=\"zh_CN\" \/>\n<meta property=\"og:type\" content=\"article\" \/>\n<meta property=\"og:title\" content=\"\u5a92\u4f53 - Winning Consortium Simandou\" \/>\n<meta property=\"og:description\" content=\"[vc_row][vc_column][vc_column_text] \u00c0 propos du Consort &hellip; Continue reading \u5a92\u4f53 &rarr;\" \/>\n<meta property=\"og:url\" content=\"https:\/\/wcsglobal.com\/cn\/media\" \/>\n<meta property=\"og:site_name\" content=\"Winning Consortium Simandou\" \/>\n<meta property=\"article:modified_time\" content=\"2021-03-28T17:29:15+00:00\" \/>\n<meta property=\"og:image\" content=\"https:\/\/static.wixstatic.com\/media\/0bdeaf_3bcacdfd3725463e8bb424b4af3cb43d~mv2.png\/v1\/fill\/w_718,h_223,al_c,lg_1,q_80,usm_2.00_1.00_0.00\/c_PNG.webp\" \/>\n<meta name=\"twitter:card\" content=\"summary_large_image\" \/>\n<meta name=\"twitter:label1\" content=\"\u9884\u8ba1\u9605\u8bfb\u65f6\u95f4\" \/>\n\t<meta name=\"twitter:data1\" content=\"4 \u5206\" \/>\n<script type=\"application\/ld+json\" class=\"yoast-schema-graph\">{\"@context\":\"https:\\\/\\\/schema.org\",\"@graph\":[{\"@type\":\"WebPage\",\"@id\":\"https:\\\/\\\/wcsglobal.com\\\/cn\\\/media\",\"url\":\"https:\\\/\\\/wcsglobal.com\\\/cn\\\/media\",\"name\":\"\u5a92\u4f53 - Winning Consortium Simandou\",\"isPartOf\":{\"@id\":\"https:\\\/\\\/wcsglobal.com\\\/cn\\\/#website\"},\"primaryImageOfPage\":{\"@id\":\"https:\\\/\\\/wcsglobal.com\\\/cn\\\/media#primaryimage\"},\"image\":{\"@id\":\"https:\\\/\\\/wcsglobal.com\\\/cn\\\/media#primaryimage\"},\"thumbnailUrl\":\"https:\\\/\\\/static.wixstatic.com\\\/media\\\/0bdeaf_3bcacdfd3725463e8bb424b4af3cb43d~mv2.png\\\/v1\\\/fill\\\/w_718,h_223,al_c,lg_1,q_80,usm_2.00_1.00_0.00\\\/c_PNG.webp\",\"datePublished\":\"2019-01-22T03:00:15+00:00\",\"dateModified\":\"2021-03-28T17:29:15+00:00\",\"breadcrumb\":{\"@id\":\"https:\\\/\\\/wcsglobal.com\\\/cn\\\/media#breadcrumb\"},\"inLanguage\":\"zh-Hans\",\"potentialAction\":[{\"@type\":\"ReadAction\",\"target\":[\"https:\\\/\\\/wcsglobal.com\\\/cn\\\/media\"]}]},{\"@type\":\"ImageObject\",\"inLanguage\":\"zh-Hans\",\"@id\":\"https:\\\/\\\/wcsglobal.com\\\/cn\\\/media#primaryimage\",\"url\":\"https:\\\/\\\/static.wixstatic.com\\\/media\\\/0bdeaf_3bcacdfd3725463e8bb424b4af3cb43d~mv2.png\\\/v1\\\/fill\\\/w_718,h_223,al_c,lg_1,q_80,usm_2.00_1.00_0.00\\\/c_PNG.webp\",\"contentUrl\":\"https:\\\/\\\/static.wixstatic.com\\\/media\\\/0bdeaf_3bcacdfd3725463e8bb424b4af3cb43d~mv2.png\\\/v1\\\/fill\\\/w_718,h_223,al_c,lg_1,q_80,usm_2.00_1.00_0.00\\\/c_PNG.webp\"},{\"@type\":\"BreadcrumbList\",\"@id\":\"https:\\\/\\\/wcsglobal.com\\\/cn\\\/media#breadcrumb\",\"itemListElement\":[{\"@type\":\"ListItem\",\"position\":1,\"name\":\"Home\",\"item\":\"https:\\\/\\\/wcsglobal.com\\\/cn\\\/\"},{\"@type\":\"ListItem\",\"position\":2,\"name\":\"\u5a92\u4f53\"}]},{\"@type\":\"WebSite\",\"@id\":\"https:\\\/\\\/wcsglobal.com\\\/cn\\\/#website\",\"url\":\"https:\\\/\\\/wcsglobal.com\\\/cn\\\/\",\"name\":\"Winning Consortium Simandou\",\"description\":\"Change and Develop Guinea\",\"potentialAction\":[{\"@type\":\"SearchAction\",\"target\":{\"@type\":\"EntryPoint\",\"urlTemplate\":\"https:\\\/\\\/wcsglobal.com\\\/cn\\\/?s={search_term_string}\"},\"query-input\":{\"@type\":\"PropertyValueSpecification\",\"valueRequired\":true,\"valueName\":\"search_term_string\"}}],\"inLanguage\":\"zh-Hans\"}]}<\/script>\n<!-- \/ Yoast SEO plugin. -->","yoast_head_json":{"title":"\u5a92\u4f53 - Winning Consortium Simandou","robots":{"index":"index","follow":"follow","max-snippet":"max-snippet:-1","max-image-preview":"max-image-preview:large","max-video-preview":"max-video-preview:-1"},"canonical":"https:\/\/wcsglobal.com\/cn\/media","og_locale":"zh_CN","og_type":"article","og_title":"\u5a92\u4f53 - Winning Consortium Simandou","og_description":"[vc_row][vc_column][vc_column_text] \u00c0 propos du Consort &hellip; Continue reading \u5a92\u4f53 &rarr;","og_url":"https:\/\/wcsglobal.com\/cn\/media","og_site_name":"Winning Consortium Simandou","article_modified_time":"2021-03-28T17:29:15+00:00","og_image":[{"url":"https:\/\/static.wixstatic.com\/media\/0bdeaf_3bcacdfd3725463e8bb424b4af3cb43d~mv2.png\/v1\/fill\/w_718,h_223,al_c,lg_1,q_80,usm_2.00_1.00_0.00\/c_PNG.webp","type":"","width":"","height":""}],"twitter_card":"summary_large_image","twitter_misc":{"\u9884\u8ba1\u9605\u8bfb\u65f6\u95f4":"4 \u5206"},"schema":{"@context":"https:\/\/schema.org","@graph":[{"@type":"WebPage","@id":"https:\/\/wcsglobal.com\/cn\/media","url":"https:\/\/wcsglobal.com\/cn\/media","name":"\u5a92\u4f53 - Winning Consortium Simandou","isPartOf":{"@id":"https:\/\/wcsglobal.com\/cn\/#website"},"primaryImageOfPage":{"@id":"https:\/\/wcsglobal.com\/cn\/media#primaryimage"},"image":{"@id":"https:\/\/wcsglobal.com\/cn\/media#primaryimage"},"thumbnailUrl":"https:\/\/static.wixstatic.com\/media\/0bdeaf_3bcacdfd3725463e8bb424b4af3cb43d~mv2.png\/v1\/fill\/w_718,h_223,al_c,lg_1,q_80,usm_2.00_1.00_0.00\/c_PNG.webp","datePublished":"2019-01-22T03:00:15+00:00","dateModified":"2021-03-28T17:29:15+00:00","breadcrumb":{"@id":"https:\/\/wcsglobal.com\/cn\/media#breadcrumb"},"inLanguage":"zh-Hans","potentialAction":[{"@type":"ReadAction","target":["https:\/\/wcsglobal.com\/cn\/media"]}]},{"@type":"ImageObject","inLanguage":"zh-Hans","@id":"https:\/\/wcsglobal.com\/cn\/media#primaryimage","url":"https:\/\/static.wixstatic.com\/media\/0bdeaf_3bcacdfd3725463e8bb424b4af3cb43d~mv2.png\/v1\/fill\/w_718,h_223,al_c,lg_1,q_80,usm_2.00_1.00_0.00\/c_PNG.webp","contentUrl":"https:\/\/static.wixstatic.com\/media\/0bdeaf_3bcacdfd3725463e8bb424b4af3cb43d~mv2.png\/v1\/fill\/w_718,h_223,al_c,lg_1,q_80,usm_2.00_1.00_0.00\/c_PNG.webp"},{"@type":"BreadcrumbList","@id":"https:\/\/wcsglobal.com\/cn\/media#breadcrumb","itemListElement":[{"@type":"ListItem","position":1,"name":"Home","item":"https:\/\/wcsglobal.com\/cn\/"},{"@type":"ListItem","position":2,"name":"\u5a92\u4f53"}]},{"@type":"WebSite","@id":"https:\/\/wcsglobal.com\/cn\/#website","url":"https:\/\/wcsglobal.com\/cn\/","name":"Winning Consortium Simandou","description":"Change and Develop Guinea","potentialAction":[{"@type":"SearchAction","target":{"@type":"EntryPoint","urlTemplate":"https:\/\/wcsglobal.com\/cn\/?s={search_term_string}"},"query-input":{"@type":"PropertyValueSpecification","valueRequired":true,"valueName":"search_term_string"}}],"inLanguage":"zh-Hans"}]}},"_links":{"self":[{"href":"https:\/\/wcsglobal.com\/cn\/wp-json\/wp\/v2\/pages\/34","targetHints":{"allow":["GET"]}}],"collection":[{"href":"https:\/\/wcsglobal.com\/cn\/wp-json\/wp\/v2\/pages"}],"about":[{"href":"https:\/\/wcsglobal.com\/cn\/wp-json\/wp\/v2\/types\/page"}],"author":[{"embeddable":true,"href":"https:\/\/wcsglobal.com\/cn\/wp-json\/wp\/v2\/users\/1"}],"replies":[{"embeddable":true,"href":"https:\/\/wcsglobal.com\/cn\/wp-json\/wp\/v2\/comments?post=34"}],"version-history":[{"count":0,"href":"https:\/\/wcsglobal.com\/cn\/wp-json\/wp\/v2\/pages\/34\/revisions"}],"wp:attachment":[{"href":"https:\/\/wcsglobal.com\/cn\/wp-json\/wp\/v2\/media?parent=34"}],"curies":[{"name":"wp","href":"https:\/\/api.w.org\/{rel}","templated":true}]}}